{"id":851,"date":"2022-12-07T17:45:58","date_gmt":"2022-12-07T17:45:58","guid":{"rendered":"https:\/\/www.tibast.fi\/pariterapia\/"},"modified":"2024-02-06T13:36:31","modified_gmt":"2024-02-06T13:36:31","slug":"pariterapia","status":"publish","type":"page","link":"https:\/\/www.tibast.fi\/fi\/pariterapia\/","title":{"rendered":"Pariterapia"},"content":{"rendered":"\t\t<div data-elementor-type=\"wp-page\" data-elementor-id=\"851\" class=\"elementor elementor-851 elementor-454\" data-elementor-post-type=\"page\">\n\t\t\t\t\t\t<section class=\"elementor-section elementor-top-section elementor-element elementor-element-b341258 elementor-section-boxed elementor-section-height-default elementor-section-height-default\" data-id=\"b341258\" data-element_type=\"section\">\n\t\t\t\t\t\t<div class=\"elementor-container elementor-column-gap-default\">\n\t\t\t\t\t<div class=\"elementor-column elementor-col-50 elementor-top-column elementor-element elementor-element-e4e25bd\" data-id=\"e4e25bd\" data-element_type=\"column\">\n\t\t\t<div class=\"elementor-widget-wrap elementor-element-populated\">\n\t\t\t\t\t\t<div class=\"elementor-element elementor-element-60b40e6 elementor-widget elementor-widget-image\" data-id=\"60b40e6\" data-element_type=\"widget\" data-widget_type=\"image.default\">\n\t\t\t\t<div class=\"elementor-widget-container\">\n\t\t\t\t\t\t\t\t\t\t\t\t\t\t\t<img decoding=\"async\" src=\"https:\/\/www.tibast.fi\/wp-content\/uploads\/elementor\/thumbs\/pariterapia-iso-pytn7sx3xhj9lf0255d3aq36h14td0i44xvk34zcrq.jpg\" title=\"pariterapia-iso\" alt=\"pariterapia-iso\" loading=\"lazy\" \/>\t\t\t\t\t\t\t\t\t\t\t\t\t\t\t<\/div>\n\t\t\t\t<\/div>\n\t\t\t\t\t<\/div>\n\t\t<\/div>\n\t\t\t\t<div class=\"elementor-column elementor-col-50 elementor-top-column elementor-element elementor-element-ce90da9\" data-id=\"ce90da9\" data-element_type=\"column\">\n\t\t\t<div class=\"elementor-widget-wrap elementor-element-populated\">\n\t\t\t\t\t\t<div class=\"elementor-element elementor-element-c569b8d elementor-widget elementor-widget-heading\" data-id=\"c569b8d\" data-element_type=\"widget\" data-widget_type=\"heading.default\">\n\t\t\t\t<div class=\"elementor-widget-container\">\n\t\t\t\t\t<h2 class=\"elementor-heading-title elementor-size-default\">PARITERAPIA<\/h2>\t\t\t\t<\/div>\n\t\t\t\t<\/div>\n\t\t\t\t<div class=\"elementor-element elementor-element-907d053 elementor-widget elementor-widget-text-editor\" data-id=\"907d053\" data-element_type=\"widget\" data-widget_type=\"text-editor.default\">\n\t\t\t\t<div class=\"elementor-widget-container\">\n\t\t\t\t\t\t\t\t\t<p>Onko teill\u00e4 vaikeuksia kommunikoida toistenne kanssa? Tuntuunko silt\u00e4, ett\u00e4 sama riita toistuu kerta toisensa j\u00e4lkeen? Ongelmia parisuhteissa ja perheen sis\u00e4ll\u00e4 esiintyy useimmilla, ja silloin pariterapia voi olla avuksi. Parisuhde on yksi el\u00e4m\u00e4n t\u00e4rkeimmist\u00e4 suhteista. Hyv\u00e4 ja l\u00e4heinen parisuhde edist\u00e4\u00e4 sek\u00e4 suhteen osapuolien ett\u00e4 koko perheen terveytt\u00e4 ja hyvinvointia.<\/p>\n<p>Mit\u00e4 pariterapiassa tehd\u00e4\u00e4n? Terapia perustuu keskusteluun. Pariterapiassa pyrit\u00e4\u00e4n parantamaan parin kommunikointitaitoja ja lis\u00e4\u00e4m\u00e4\u00e4n kyky\u00e4 ymm\u00e4rt\u00e4\u00e4 toista. Molemmille osapuolille annetaan tilaa tunteiden ja tarpeiden osoittamiseen. Lis\u00e4ksi pyrimme yhdess\u00e4 ymm\u00e4rt\u00e4m\u00e4\u00e4n, mit\u00e4 tunteiden takana voisi olla. Ty\u00f6ss\u00e4ni parien kanssa k\u00e4yt\u00e4n tunnekeskeisen pariterapian (EFCT) periaatteita.<\/p>\n<p>Tibastin vastaanotto sijaistee Espoon Niittykummussa, mutta pystyn my\u00f6s ottamaan vastaan asiakkaita sovitusti Helsingin keskustassa.<\/p>\t\t\t\t\t\t\t\t<\/div>\n\t\t\t\t<\/div>\n\t\t\t\t<div class=\"elementor-element elementor-element-83d8bda elementor-align-left elementor-widget elementor-widget-button\" data-id=\"83d8bda\" data-element_type=\"widget\" data-widget_type=\"button.default\">\n\t\t\t\t<div class=\"elementor-widget-container\">\n\t\t\t\t\t\t\t\t\t<div class=\"elementor-button-wrapper\">\n\t\t\t\t\t<a class=\"elementor-button elementor-button-link elementor-size-sm\" href=\"https:\/\/www.tibast.fi\/fi\/yhteys\/\">\n\t\t\t\t\t\t<span class=\"elementor-button-content-wrapper\">\n\t\t\t\t\t\t\t\t\t<span class=\"elementor-button-text\"> OTA YHTEYTT\u00c4 JA VARAA AIKA!<\/span>\n\t\t\t\t\t<\/span>\n\t\t\t\t\t<\/a>\n\t\t\t\t<\/div>\n\t\t\t\t\t\t\t\t<\/div>\n\t\t\t\t<\/div>\n\t\t\t\t\t<\/div>\n\t\t<\/div>\n\t\t\t\t\t<\/div>\n\t\t<\/section>\n\t\t\t\t<section class=\"elementor-section elementor-top-section elementor-element elementor-element-1c69008 elementor-section-boxed elementor-section-height-default elementor-section-height-default\" data-id=\"1c69008\" data-element_type=\"section\">\n\t\t\t\t\t\t<div class=\"elementor-container elementor-column-gap-default\">\n\t\t\t\t\t<div class=\"elementor-column elementor-col-100 elementor-top-column elementor-element elementor-element-e328cf0\" data-id=\"e328cf0\" data-element_type=\"column\">\n\t\t\t<div class=\"elementor-widget-wrap elementor-element-populated\">\n\t\t\t\t\t\t<div class=\"elementor-element elementor-element-f25b530 elementor-widget elementor-widget-heading\" data-id=\"f25b530\" data-element_type=\"widget\" data-widget_type=\"heading.default\">\n\t\t\t\t<div class=\"elementor-widget-container\">\n\t\t\t\t\t<h3 class=\"elementor-heading-title elementor-size-xl\">Tibast \u2013 pariterapia Espoo ja Helsinki<\/h3>\t\t\t\t<\/div>\n\t\t\t\t<\/div>\n\t\t\t\t\t<\/div>\n\t\t<\/div>\n\t\t\t\t\t<\/div>\n\t\t<\/section>\n\t\t\t\t<\/div>\n\t\t","protected":false},"excerpt":{"rendered":"<p>PARITERAPIA Onko teill\u00e4 vaikeuksia kommunikoida toistenne kanssa? Tuntuunko silt\u00e4, ett\u00e4 sama riita toistuu kerta toisensa j\u00e4lkeen? Ongelmia parisuhteissa ja perheen sis\u00e4ll\u00e4 esiintyy useimmilla, ja silloin pariterapia voi olla avuksi. Parisuhde on yksi el\u00e4m\u00e4n t\u00e4rkeimmist\u00e4 suhteista. Hyv\u00e4 ja l\u00e4heinen parisuhde edist\u00e4\u00e4 sek\u00e4 suhteen osapuolien ett\u00e4 koko perheen terveytt\u00e4 ja hyvinvointia. Mit\u00e4 pariterapiassa tehd\u00e4\u00e4n? Terapia perustuu keskusteluun. [&hellip;]<\/p>\n","protected":false},"author":3,"featured_media":0,"parent":0,"menu_order":0,"comment_status":"closed","ping_status":"closed","template":"","meta":{"inline_featured_image":false,"footnotes":""},"class_list":["post-851","page","type-page","status-publish","hentry"],"yoast_head":"<!-- This site is optimized with the Yoast SEO plugin v27.4 - https:\/\/yoast.com\/product\/yoast-seo-wordpress\/ -->\n<title>Pariterapia | Espoo ja Helsinki | Tibast<\/title>\n<meta name=\"description\" content=\"Pariterapia Espoo tai Helsinki. Kokenut terapeutti, pariterapiaa sek\u00e4 suomeksi, ruotsiksi ett\u00e4 englanniksi. Lue lis\u00e4\u00e4 ja varaa aika!\" \/>\n<meta name=\"robots\" content=\"index, follow, max-snippet:-1, max-image-preview:large, max-video-preview:-1\" \/>\n<link rel=\"canonical\" href=\"https:\/\/www.tibast.fi\/fi\/pariterapia\/\" \/>\n<meta property=\"og:locale\" content=\"fi_FI\" \/>\n<meta property=\"og:type\" content=\"article\" \/>\n<meta property=\"og:title\" content=\"Pariterapia | Espoo ja Helsinki | Tibast\" \/>\n<meta property=\"og:description\" content=\"Pariterapia Espoo tai Helsinki. Kokenut terapeutti, pariterapiaa sek\u00e4 suomeksi, ruotsiksi ett\u00e4 englanniksi. Lue lis\u00e4\u00e4 ja varaa aika!\" \/>\n<meta property=\"og:url\" content=\"https:\/\/www.tibast.fi\/fi\/pariterapia\/\" \/>\n<meta property=\"og:site_name\" content=\"Tibast\" \/>\n<meta property=\"article:modified_time\" content=\"2024-02-06T13:36:31+00:00\" \/>\n<meta property=\"og:image\" content=\"https:\/\/www.tibast.fi\/wp-content\/uploads\/elementor\/thumbs\/pariterapia-iso-pytn7sx3xhj9lf0255d3aq36h14td0i44xvk34zcs0.jpg\" \/>\n<meta name=\"twitter:card\" content=\"summary_large_image\" \/>\n<meta name=\"twitter:label1\" content=\"Arvioitu lukuaika\" \/>\n\t<meta name=\"twitter:data1\" content=\"1 minuutti\" \/>\n<script type=\"application\/ld+json\" class=\"yoast-schema-graph\">{\"@context\":\"https:\\\/\\\/schema.org\",\"@graph\":[{\"@type\":\"WebPage\",\"@id\":\"https:\\\/\\\/www.tibast.fi\\\/fi\\\/pariterapia\\\/\",\"url\":\"https:\\\/\\\/www.tibast.fi\\\/fi\\\/pariterapia\\\/\",\"name\":\"Pariterapia | Espoo ja Helsinki | Tibast\",\"isPartOf\":{\"@id\":\"https:\\\/\\\/www.tibast.fi\\\/fi\\\/#website\"},\"primaryImageOfPage\":{\"@id\":\"https:\\\/\\\/www.tibast.fi\\\/fi\\\/pariterapia\\\/#primaryimage\"},\"image\":{\"@id\":\"https:\\\/\\\/www.tibast.fi\\\/fi\\\/pariterapia\\\/#primaryimage\"},\"thumbnailUrl\":\"https:\\\/\\\/www.tibast.fi\\\/wp-content\\\/uploads\\\/elementor\\\/thumbs\\\/pariterapia-iso-pytn7sx3xhj9lf0255d3aq36h14td0i44xvk34zcs0.jpg\",\"datePublished\":\"2022-12-07T17:45:58+00:00\",\"dateModified\":\"2024-02-06T13:36:31+00:00\",\"description\":\"Pariterapia Espoo tai Helsinki. Kokenut terapeutti, pariterapiaa sek\u00e4 suomeksi, ruotsiksi ett\u00e4 englanniksi. Lue lis\u00e4\u00e4 ja varaa aika!\",\"breadcrumb\":{\"@id\":\"https:\\\/\\\/www.tibast.fi\\\/fi\\\/pariterapia\\\/#breadcrumb\"},\"inLanguage\":\"fi\",\"potentialAction\":[{\"@type\":\"ReadAction\",\"target\":[\"https:\\\/\\\/www.tibast.fi\\\/fi\\\/pariterapia\\\/\"]}]},{\"@type\":\"ImageObject\",\"inLanguage\":\"fi\",\"@id\":\"https:\\\/\\\/www.tibast.fi\\\/fi\\\/pariterapia\\\/#primaryimage\",\"url\":\"https:\\\/\\\/www.tibast.fi\\\/wp-content\\\/uploads\\\/elementor\\\/thumbs\\\/pariterapia-iso-pytn7sx3xhj9lf0255d3aq36h14td0i44xvk34zcs0.jpg\",\"contentUrl\":\"https:\\\/\\\/www.tibast.fi\\\/wp-content\\\/uploads\\\/elementor\\\/thumbs\\\/pariterapia-iso-pytn7sx3xhj9lf0255d3aq36h14td0i44xvk34zcs0.jpg\"},{\"@type\":\"BreadcrumbList\",\"@id\":\"https:\\\/\\\/www.tibast.fi\\\/fi\\\/pariterapia\\\/#breadcrumb\",\"itemListElement\":[{\"@type\":\"ListItem\",\"position\":1,\"name\":\"Hem\",\"item\":\"https:\\\/\\\/www.tibast.fi\\\/fi\\\/\"},{\"@type\":\"ListItem\",\"position\":2,\"name\":\"Pariterapia\"}]},{\"@type\":\"WebSite\",\"@id\":\"https:\\\/\\\/www.tibast.fi\\\/fi\\\/#website\",\"url\":\"https:\\\/\\\/www.tibast.fi\\\/fi\\\/\",\"name\":\"Tibast\",\"description\":\"\",\"publisher\":{\"@id\":\"https:\\\/\\\/www.tibast.fi\\\/fi\\\/#organization\"},\"potentialAction\":[{\"@type\":\"SearchAction\",\"target\":{\"@type\":\"EntryPoint\",\"urlTemplate\":\"https:\\\/\\\/www.tibast.fi\\\/fi\\\/?s={search_term_string}\"},\"query-input\":{\"@type\":\"PropertyValueSpecification\",\"valueRequired\":true,\"valueName\":\"search_term_string\"}}],\"inLanguage\":\"fi\"},{\"@type\":\"Organization\",\"@id\":\"https:\\\/\\\/www.tibast.fi\\\/fi\\\/#organization\",\"name\":\"Tibast\",\"url\":\"https:\\\/\\\/www.tibast.fi\\\/fi\\\/\",\"logo\":{\"@type\":\"ImageObject\",\"inLanguage\":\"fi\",\"@id\":\"https:\\\/\\\/www.tibast.fi\\\/fi\\\/#\\\/schema\\\/logo\\\/image\\\/\",\"url\":\"https:\\\/\\\/www.tibast.fi\\\/wp-content\\\/uploads\\\/2022\\\/12\\\/cropped-logo.png\",\"contentUrl\":\"https:\\\/\\\/www.tibast.fi\\\/wp-content\\\/uploads\\\/2022\\\/12\\\/cropped-logo.png\",\"width\":760,\"height\":342,\"caption\":\"Tibast\"},\"image\":{\"@id\":\"https:\\\/\\\/www.tibast.fi\\\/fi\\\/#\\\/schema\\\/logo\\\/image\\\/\"},\"sameAs\":[\"https:\\\/\\\/www.linkedin.com\\\/company\\\/tibast\\\/\"]}]}<\/script>\n<!-- \/ Yoast SEO plugin. -->","yoast_head_json":{"title":"Pariterapia | Espoo ja Helsinki | Tibast","description":"Pariterapia Espoo tai Helsinki. Kokenut terapeutti, pariterapiaa sek\u00e4 suomeksi, ruotsiksi ett\u00e4 englanniksi. Lue lis\u00e4\u00e4 ja varaa aika!","robots":{"index":"index","follow":"follow","max-snippet":"max-snippet:-1","max-image-preview":"max-image-preview:large","max-video-preview":"max-video-preview:-1"},"canonical":"https:\/\/www.tibast.fi\/fi\/pariterapia\/","og_locale":"fi_FI","og_type":"article","og_title":"Pariterapia | Espoo ja Helsinki | Tibast","og_description":"Pariterapia Espoo tai Helsinki. Kokenut terapeutti, pariterapiaa sek\u00e4 suomeksi, ruotsiksi ett\u00e4 englanniksi. Lue lis\u00e4\u00e4 ja varaa aika!","og_url":"https:\/\/www.tibast.fi\/fi\/pariterapia\/","og_site_name":"Tibast","article_modified_time":"2024-02-06T13:36:31+00:00","og_image":[{"url":"https:\/\/www.tibast.fi\/wp-content\/uploads\/elementor\/thumbs\/pariterapia-iso-pytn7sx3xhj9lf0255d3aq36h14td0i44xvk34zcs0.jpg","type":"","width":"","height":""}],"twitter_card":"summary_large_image","twitter_misc":{"Arvioitu lukuaika":"1 minuutti"},"schema":{"@context":"https:\/\/schema.org","@graph":[{"@type":"WebPage","@id":"https:\/\/www.tibast.fi\/fi\/pariterapia\/","url":"https:\/\/www.tibast.fi\/fi\/pariterapia\/","name":"Pariterapia | Espoo ja Helsinki | Tibast","isPartOf":{"@id":"https:\/\/www.tibast.fi\/fi\/#website"},"primaryImageOfPage":{"@id":"https:\/\/www.tibast.fi\/fi\/pariterapia\/#primaryimage"},"image":{"@id":"https:\/\/www.tibast.fi\/fi\/pariterapia\/#primaryimage"},"thumbnailUrl":"https:\/\/www.tibast.fi\/wp-content\/uploads\/elementor\/thumbs\/pariterapia-iso-pytn7sx3xhj9lf0255d3aq36h14td0i44xvk34zcs0.jpg","datePublished":"2022-12-07T17:45:58+00:00","dateModified":"2024-02-06T13:36:31+00:00","description":"Pariterapia Espoo tai Helsinki. Kokenut terapeutti, pariterapiaa sek\u00e4 suomeksi, ruotsiksi ett\u00e4 englanniksi. Lue lis\u00e4\u00e4 ja varaa aika!","breadcrumb":{"@id":"https:\/\/www.tibast.fi\/fi\/pariterapia\/#breadcrumb"},"inLanguage":"fi","potentialAction":[{"@type":"ReadAction","target":["https:\/\/www.tibast.fi\/fi\/pariterapia\/"]}]},{"@type":"ImageObject","inLanguage":"fi","@id":"https:\/\/www.tibast.fi\/fi\/pariterapia\/#primaryimage","url":"https:\/\/www.tibast.fi\/wp-content\/uploads\/elementor\/thumbs\/pariterapia-iso-pytn7sx3xhj9lf0255d3aq36h14td0i44xvk34zcs0.jpg","contentUrl":"https:\/\/www.tibast.fi\/wp-content\/uploads\/elementor\/thumbs\/pariterapia-iso-pytn7sx3xhj9lf0255d3aq36h14td0i44xvk34zcs0.jpg"},{"@type":"BreadcrumbList","@id":"https:\/\/www.tibast.fi\/fi\/pariterapia\/#breadcrumb","itemListElement":[{"@type":"ListItem","position":1,"name":"Hem","item":"https:\/\/www.tibast.fi\/fi\/"},{"@type":"ListItem","position":2,"name":"Pariterapia"}]},{"@type":"WebSite","@id":"https:\/\/www.tibast.fi\/fi\/#website","url":"https:\/\/www.tibast.fi\/fi\/","name":"Tibast","description":"","publisher":{"@id":"https:\/\/www.tibast.fi\/fi\/#organization"},"potentialAction":[{"@type":"SearchAction","target":{"@type":"EntryPoint","urlTemplate":"https:\/\/www.tibast.fi\/fi\/?s={search_term_string}"},"query-input":{"@type":"PropertyValueSpecification","valueRequired":true,"valueName":"search_term_string"}}],"inLanguage":"fi"},{"@type":"Organization","@id":"https:\/\/www.tibast.fi\/fi\/#organization","name":"Tibast","url":"https:\/\/www.tibast.fi\/fi\/","logo":{"@type":"ImageObject","inLanguage":"fi","@id":"https:\/\/www.tibast.fi\/fi\/#\/schema\/logo\/image\/","url":"https:\/\/www.tibast.fi\/wp-content\/uploads\/2022\/12\/cropped-logo.png","contentUrl":"https:\/\/www.tibast.fi\/wp-content\/uploads\/2022\/12\/cropped-logo.png","width":760,"height":342,"caption":"Tibast"},"image":{"@id":"https:\/\/www.tibast.fi\/fi\/#\/schema\/logo\/image\/"},"sameAs":["https:\/\/www.linkedin.com\/company\/tibast\/"]}]}},"_links":{"self":[{"href":"https:\/\/www.tibast.fi\/fi\/wp-json\/wp\/v2\/pages\/851","targetHints":{"allow":["GET"]}}],"collection":[{"href":"https:\/\/www.tibast.fi\/fi\/wp-json\/wp\/v2\/pages"}],"about":[{"href":"https:\/\/www.tibast.fi\/fi\/wp-json\/wp\/v2\/types\/page"}],"author":[{"embeddable":true,"href":"https:\/\/www.tibast.fi\/fi\/wp-json\/wp\/v2\/users\/3"}],"replies":[{"embeddable":true,"href":"https:\/\/www.tibast.fi\/fi\/wp-json\/wp\/v2\/comments?post=851"}],"version-history":[{"count":15,"href":"https:\/\/www.tibast.fi\/fi\/wp-json\/wp\/v2\/pages\/851\/revisions"}],"predecessor-version":[{"id":1256,"href":"https:\/\/www.tibast.fi\/fi\/wp-json\/wp\/v2\/pages\/851\/revisions\/1256"}],"wp:attachment":[{"href":"https:\/\/www.tibast.fi\/fi\/wp-json\/wp\/v2\/media?parent=851"}],"curies":[{"name":"wp","href":"https:\/\/api.w.org\/{rel}","templated":true}]}}