{"id":884,"date":"2022-12-07T18:23:02","date_gmt":"2022-12-07T18:23:02","guid":{"rendered":"https:\/\/www.tibast.fi\/ota-yhteytta\/"},"modified":"2025-01-29T19:13:13","modified_gmt":"2025-01-29T19:13:13","slug":"ota-yhteytta","status":"publish","type":"page","link":"https:\/\/www.tibast.fi\/fi\/ota-yhteytta\/","title":{"rendered":"Ota yhteytt\u00e4"},"content":{"rendered":"\t\t<div data-elementor-type=\"wp-page\" data-elementor-id=\"884\" class=\"elementor elementor-884 elementor-491\" data-elementor-post-type=\"page\">\n\t\t\t\t\t\t<section class=\"elementor-section elementor-top-section elementor-element elementor-element-2f46a1d elementor-section-full_width elementor-section-stretched elementor-section-height-min-height elementor-section-height-default elementor-section-items-middle\" data-id=\"2f46a1d\" data-element_type=\"section\" data-settings=\"{&quot;stretch_section&quot;:&quot;section-stretched&quot;,&quot;background_background&quot;:&quot;classic&quot;}\">\n\t\t\t\t\t\t<div class=\"elementor-container elementor-column-gap-default\">\n\t\t\t\t\t<div class=\"elementor-column elementor-col-100 elementor-top-column elementor-element elementor-element-48b9b6f\" data-id=\"48b9b6f\" data-element_type=\"column\">\n\t\t\t<div class=\"elementor-widget-wrap\">\n\t\t\t\t\t\t\t<\/div>\n\t\t<\/div>\n\t\t\t\t\t<\/div>\n\t\t<\/section>\n\t\t\t\t<section class=\"elementor-section elementor-top-section elementor-element elementor-element-a7599f9 elementor-section-boxed elementor-section-height-default elementor-section-height-default\" data-id=\"a7599f9\" data-element_type=\"section\">\n\t\t\t\t\t\t<div class=\"elementor-container elementor-column-gap-default\">\n\t\t\t\t\t<div class=\"elementor-column elementor-col-100 elementor-top-column elementor-element elementor-element-aa64837\" data-id=\"aa64837\" data-element_type=\"column\">\n\t\t\t<div class=\"elementor-widget-wrap elementor-element-populated\">\n\t\t\t\t\t\t<div class=\"elementor-element elementor-element-b8953b6 elementor-widget elementor-widget-heading\" data-id=\"b8953b6\" data-element_type=\"widget\" data-widget_type=\"heading.default\">\n\t\t\t\t<div class=\"elementor-widget-container\">\n\t\t\t\t\t<h2 class=\"elementor-heading-title elementor-size-default\">OTA MINUUN YHTEYTT\u00c4:<\/h2>\t\t\t\t<\/div>\n\t\t\t\t<\/div>\n\t\t\t\t<div class=\"elementor-element elementor-element-401de0a elementor-widget elementor-widget-text-editor\" data-id=\"401de0a\" data-element_type=\"widget\" data-widget_type=\"text-editor.default\">\n\t\t\t\t<div class=\"elementor-widget-container\">\n\t\t\t\t\t\t\t\t\t<h4>TIBAST<\/h4>\n<p><span>Karin Heerman<br>puh. <a href=\"tel:+358401569414\"><span>+358 40 156 9414<\/span><\/a><br>email: <a href=\"mailto:%20karin.heerman@gmail.com\"><span>karin.heerman[at]gmail.com<\/span><\/a><\/span><\/p>\n<h4>VASTAANOTTOTILA<\/h4>\n<p><b>Kappelikuja 6 B<\/b><br>02200 Espoo<\/p>\n<p>Y-tunnus 3197421-1<\/p>\t\t\t\t\t\t\t\t<\/div>\n\t\t\t\t<\/div>\n\t\t\t\t<div class=\"elementor-element elementor-element-41734ff elementor-shape-circle e-grid-align-left elementor-grid-0 elementor-widget elementor-widget-social-icons\" data-id=\"41734ff\" data-element_type=\"widget\" data-widget_type=\"social-icons.default\">\n\t\t\t\t<div class=\"elementor-widget-container\">\n\t\t\t\t\t\t\t<div class=\"elementor-social-icons-wrapper elementor-grid\" role=\"list\">\n\t\t\t\t\t\t\t<span class=\"elementor-grid-item\" role=\"listitem\">\n\t\t\t\t\t<a class=\"elementor-icon elementor-social-icon elementor-social-icon-facebook elementor-repeater-item-3f3a63b\" href=\"https:\/\/www.facebook.com\/tibasttherapy\" target=\"_blank\">\n\t\t\t\t\t\t<span class=\"elementor-screen-only\">Facebook<\/span>\n\t\t\t\t\t\t<i aria-hidden=\"true\" class=\"fab fa-facebook\"><\/i>\t\t\t\t\t<\/a>\n\t\t\t\t<\/span>\n\t\t\t\t\t\t\t<span class=\"elementor-grid-item\" role=\"listitem\">\n\t\t\t\t\t<a class=\"elementor-icon elementor-social-icon elementor-social-icon-linkedin elementor-repeater-item-9dd6afc\" href=\"https:\/\/fi.linkedin.com\/company\/tibast\" target=\"_blank\">\n\t\t\t\t\t\t<span class=\"elementor-screen-only\">Linkedin<\/span>\n\t\t\t\t\t\t<i aria-hidden=\"true\" class=\"fab fa-linkedin\"><\/i>\t\t\t\t\t<\/a>\n\t\t\t\t<\/span>\n\t\t\t\t\t<\/div>\n\t\t\t\t\t\t<\/div>\n\t\t\t\t<\/div>\n\t\t\t\t<div class=\"elementor-element elementor-element-e0450db elementor-button-align-stretch elementor-widget elementor-widget-form\" data-id=\"e0450db\" data-element_type=\"widget\" data-settings=\"{&quot;step_next_label&quot;:&quot;Next&quot;,&quot;step_previous_label&quot;:&quot;Previous&quot;,&quot;button_width&quot;:&quot;100&quot;,&quot;step_type&quot;:&quot;number_text&quot;,&quot;step_icon_shape&quot;:&quot;circle&quot;}\" data-widget_type=\"form.default\">\n\t\t\t\t<div class=\"elementor-widget-container\">\n\t\t\t\t\t\t\t<form class=\"elementor-form\" method=\"post\" name=\"New Form\">\n\t\t\t<input type=\"hidden\" name=\"post_id\" value=\"884\"\/>\n\t\t\t<input type=\"hidden\" name=\"form_id\" value=\"e0450db\"\/>\n\t\t\t<input type=\"hidden\" name=\"referer_title\" value=\"Tibast\" \/>\n\n\t\t\t\n\t\t\t<div class=\"elementor-form-fields-wrapper elementor-labels-above\">\n\t\t\t\t\t\t\t\t<div class=\"elementor-field-type-text elementor-field-group elementor-column elementor-field-group-name elementor-col-100 elementor-field-required\">\n\t\t\t\t\t\t\t\t\t\t\t\t<label for=\"form-field-name\" class=\"elementor-field-label\">\n\t\t\t\t\t\t\t\tNimi\t\t\t\t\t\t\t<\/label>\n\t\t\t\t\t\t\t\t\t\t\t\t\t\t<input size=\"1\" type=\"text\" name=\"form_fields[name]\" id=\"form-field-name\" class=\"elementor-field elementor-size-sm  elementor-field-textual\" placeholder=\"Nimi\" required=\"required\">\n\t\t\t\t\t\t\t\t\t\t\t<\/div>\n\t\t\t\t\t\t\t\t<div class=\"elementor-field-type-email elementor-field-group elementor-column elementor-field-group-email elementor-col-100 elementor-field-required\">\n\t\t\t\t\t\t\t\t\t\t\t\t<label for=\"form-field-email\" class=\"elementor-field-label\">\n\t\t\t\t\t\t\t\tEmail\t\t\t\t\t\t\t<\/label>\n\t\t\t\t\t\t\t\t\t\t\t\t\t\t<input size=\"1\" type=\"email\" name=\"form_fields[email]\" id=\"form-field-email\" class=\"elementor-field elementor-size-sm  elementor-field-textual\" placeholder=\"Email\" required=\"required\">\n\t\t\t\t\t\t\t\t\t\t\t<\/div>\n\t\t\t\t\t\t\t\t<div class=\"elementor-field-type-textarea elementor-field-group elementor-column elementor-field-group-message elementor-col-100 elementor-field-required\">\n\t\t\t\t\t\t\t\t\t\t\t\t<label for=\"form-field-message\" class=\"elementor-field-label\">\n\t\t\t\t\t\t\t\tViesti\t\t\t\t\t\t\t<\/label>\n\t\t\t\t\t\t<textarea class=\"elementor-field-textual elementor-field  elementor-size-sm\" name=\"form_fields[message]\" id=\"form-field-message\" rows=\"4\" placeholder=\"Viesti\" required=\"required\"><\/textarea>\t\t\t\t<\/div>\n\t\t\t\t\t\t\t\t<div class=\"elementor-field-type-recaptcha elementor-field-group elementor-column elementor-field-group-field_a3fb995 elementor-col-100\">\n\t\t\t\t\t<div class=\"elementor-field\" id=\"form-field-field_a3fb995\"><div class=\"elementor-g-recaptcha\" data-sitekey=\"6LeKmEUlAAAAAFAPBczzOclXbtjy0mf-_Jh1tYQL\" data-type=\"v2_checkbox\" data-theme=\"light\" data-size=\"normal\"><\/div><\/div>\t\t\t\t<\/div>\n\t\t\t\t\t\t\t\t<div class=\"elementor-field-group elementor-column elementor-field-type-submit elementor-col-100 e-form__buttons\">\n\t\t\t\t\t<button class=\"elementor-button elementor-size-sm\" type=\"submit\">\n\t\t\t\t\t\t<span class=\"elementor-button-content-wrapper\">\n\t\t\t\t\t\t\t\t\t\t\t\t\t\t\t\t\t\t\t\t\t\t<span class=\"elementor-button-text\">L\u00e4het\u00e4<\/span>\n\t\t\t\t\t\t\t\t\t\t\t\t\t<\/span>\n\t\t\t\t\t<\/button>\n\t\t\t\t<\/div>\n\t\t\t<\/div>\n\t\t<\/form>\n\t\t\t\t\t\t<\/div>\n\t\t\t\t<\/div>\n\t\t\t\t<div class=\"elementor-element elementor-element-0978ee1 elementor-widget elementor-widget-image\" data-id=\"0978ee1\" data-element_type=\"widget\" data-widget_type=\"image.default\">\n\t\t\t\t<div class=\"elementor-widget-container\">\n\t\t\t\t\t\t\t\t\t\t\t\t\t\t\t\t<a href=\"https:\/\/www.potilasasiamies.fi\/asiakkaalle\/\" target=\"_blank\">\n\t\t\t\t\t\t\t<img decoding=\"async\" width=\"300\" height=\"88\" src=\"https:\/\/www.tibast.fi\/wp-content\/uploads\/2022\/07\/Potilasasiamies_banneri_kokoM-300x88.png\" class=\"attachment-medium size-medium wp-image-801\" alt=\"\" srcset=\"https:\/\/www.tibast.fi\/wp-content\/uploads\/2022\/07\/Potilasasiamies_banneri_kokoM-300x88.png 300w, https:\/\/www.tibast.fi\/wp-content\/uploads\/2022\/07\/Potilasasiamies_banneri_kokoM.png 375w\" sizes=\"(max-width: 300px) 100vw, 300px\" \/>\t\t\t\t\t\t\t\t<\/a>\n\t\t\t\t\t\t\t\t\t\t\t\t\t\t\t<\/div>\n\t\t\t\t<\/div>\n\t\t\t\t<div class=\"elementor-element elementor-element-e77a453 elementor-widget elementor-widget-text-editor\" data-id=\"e77a453\" data-element_type=\"widget\" data-widget_type=\"text-editor.default\">\n\t\t\t\t<div class=\"elementor-widget-container\">\n\t\t\t\t\t\t\t\t\t<div class=\"page\" title=\"Page 4\">\n<div class=\"section\">\n<div class=\"layoutArea\">\n<div class=\"column\">\n<div class=\"page\" title=\"Page 5\">\n<div class=\"section\">\n<div class=\"layoutArea\">\n<div class=\"column\">\n<div class=\"page\" title=\"Page 5\">\n<div class=\"section\">\n<div class=\"layoutArea\">\n<div class=\"column\">\n<p>POTILASASIAMIES<\/p>\n<\/div>\n<\/div>\n<div class=\"layoutArea\">\n<div class=\"column\">\n<p><strong>Miten edet\u00e4, jos et ole tyytyv\u00e4inen hoitoon tai hoidossa saamaasi kohteluun?<\/strong><\/p>\n<div class=\"page\" title=\"Page 4\">\n<div class=\"section\">\n<div class=\"layoutArea\">\n<div class=\"column\">\n<p>Ensimm\u00e4isen\u00e4 kannattaa suoraan keskustella psykoterapeutin kanssa. Jos se ei ole mahdollista, voit ottaa yhteytt\u00e4 psykoterapeutin k\u00e4ytt\u00e4m\u00e4\u00e4n potilasasiamieheen ja tiedustella, olisiko tarpeen tehd\u00e4 lis\u00e4toimenpiteit\u00e4.<\/p>\n<\/div>\n<\/div>\n<\/div>\n<\/div>\n<\/div>\n<\/div>\n<\/div>\n<\/div>\n<\/div>\n<\/div>\n<\/div>\n<\/div>\n<\/div>\n<\/div>\n<\/div>\n<\/div>\n\t\t\t\t\t\t\t\t<\/div>\n\t\t\t\t<\/div>\n\t\t\t\t\t<\/div>\n\t\t<\/div>\n\t\t\t\t\t<\/div>\n\t\t<\/section>\n\t\t\t\t<\/div>\n\t\t","protected":false},"excerpt":{"rendered":"<p>OTA MINUUN YHTEYTT\u00c4: TIBAST Karin Heermanpuh. +358 40 156 9414email: karin.heerman[at]gmail.com VASTAANOTTOTILA Kappelikuja 6 B02200 Espoo Y-tunnus 3197421-1 Facebook Linkedin POTILASASIAMIES Miten edet\u00e4, jos et ole tyytyv\u00e4inen hoitoon tai hoidossa saamaasi kohteluun? Ensimm\u00e4isen\u00e4 kannattaa suoraan keskustella psykoterapeutin kanssa. Jos se ei ole mahdollista, voit ottaa yhteytt\u00e4 psykoterapeutin k\u00e4ytt\u00e4m\u00e4\u00e4n potilasasiamieheen ja tiedustella, olisiko tarpeen tehd\u00e4 lis\u00e4toimenpiteit\u00e4.<\/p>\n","protected":false},"author":3,"featured_media":0,"parent":0,"menu_order":0,"comment_status":"closed","ping_status":"closed","template":"","meta":{"inline_featured_image":false,"footnotes":""},"class_list":["post-884","page","type-page","status-publish","hentry"],"yoast_head":"<!-- This site is optimized with the Yoast SEO plugin v27.4 - https:\/\/yoast.com\/product\/yoast-seo-wordpress\/ -->\n<title>Ota yhteytt\u00e4 - Tibast terapia- ja konsultointipalvelut<\/title>\n<meta name=\"description\" content=\"Pariterapia, perheterapia-, ty\u00f6nohjaus- ja konsultointipalveluja Espoon Olarissa ja tarvittaessa Helsingin keskustassa. Ota yhteytt\u00e4!\" \/>\n<meta name=\"robots\" content=\"index, follow, max-snippet:-1, max-image-preview:large, max-video-preview:-1\" \/>\n<link rel=\"canonical\" href=\"https:\/\/www.tibast.fi\/fi\/ota-yhteytta\/\" \/>\n<meta property=\"og:locale\" content=\"fi_FI\" \/>\n<meta property=\"og:type\" content=\"article\" \/>\n<meta property=\"og:title\" content=\"Ota yhteytt\u00e4 - Tibast terapia- ja konsultointipalvelut\" \/>\n<meta property=\"og:description\" content=\"Pariterapia, perheterapia-, ty\u00f6nohjaus- ja konsultointipalveluja Espoon Olarissa ja tarvittaessa Helsingin keskustassa. Ota yhteytt\u00e4!\" \/>\n<meta property=\"og:url\" content=\"https:\/\/www.tibast.fi\/fi\/ota-yhteytta\/\" \/>\n<meta property=\"og:site_name\" content=\"Tibast\" \/>\n<meta property=\"article:modified_time\" content=\"2025-01-29T19:13:13+00:00\" \/>\n<meta property=\"og:image\" content=\"https:\/\/www.tibast.fi\/wp-content\/uploads\/2022\/07\/Potilasasiamies_banneri_kokoM-300x88.png\" \/>\n<meta name=\"twitter:card\" content=\"summary_large_image\" \/>\n<meta name=\"twitter:label1\" content=\"Arvioitu lukuaika\" \/>\n\t<meta name=\"twitter:data1\" content=\"1 minuutti\" \/>\n<script type=\"application\/ld+json\" class=\"yoast-schema-graph\">{\"@context\":\"https:\\\/\\\/schema.org\",\"@graph\":[{\"@type\":\"WebPage\",\"@id\":\"https:\\\/\\\/www.tibast.fi\\\/fi\\\/ota-yhteytta\\\/\",\"url\":\"https:\\\/\\\/www.tibast.fi\\\/fi\\\/ota-yhteytta\\\/\",\"name\":\"Ota yhteytt\u00e4 - Tibast terapia- ja konsultointipalvelut\",\"isPartOf\":{\"@id\":\"https:\\\/\\\/www.tibast.fi\\\/fi\\\/#website\"},\"primaryImageOfPage\":{\"@id\":\"https:\\\/\\\/www.tibast.fi\\\/fi\\\/ota-yhteytta\\\/#primaryimage\"},\"image\":{\"@id\":\"https:\\\/\\\/www.tibast.fi\\\/fi\\\/ota-yhteytta\\\/#primaryimage\"},\"thumbnailUrl\":\"https:\\\/\\\/www.tibast.fi\\\/wp-content\\\/uploads\\\/2022\\\/07\\\/Potilasasiamies_banneri_kokoM-300x88.png\",\"datePublished\":\"2022-12-07T18:23:02+00:00\",\"dateModified\":\"2025-01-29T19:13:13+00:00\",\"description\":\"Pariterapia, perheterapia-, ty\u00f6nohjaus- ja konsultointipalveluja Espoon Olarissa ja tarvittaessa Helsingin keskustassa. Ota yhteytt\u00e4!\",\"breadcrumb\":{\"@id\":\"https:\\\/\\\/www.tibast.fi\\\/fi\\\/ota-yhteytta\\\/#breadcrumb\"},\"inLanguage\":\"fi\",\"potentialAction\":[{\"@type\":\"ReadAction\",\"target\":[\"https:\\\/\\\/www.tibast.fi\\\/fi\\\/ota-yhteytta\\\/\"]}]},{\"@type\":\"ImageObject\",\"inLanguage\":\"fi\",\"@id\":\"https:\\\/\\\/www.tibast.fi\\\/fi\\\/ota-yhteytta\\\/#primaryimage\",\"url\":\"https:\\\/\\\/www.tibast.fi\\\/wp-content\\\/uploads\\\/2022\\\/07\\\/Potilasasiamies_banneri_kokoM-300x88.png\",\"contentUrl\":\"https:\\\/\\\/www.tibast.fi\\\/wp-content\\\/uploads\\\/2022\\\/07\\\/Potilasasiamies_banneri_kokoM-300x88.png\"},{\"@type\":\"BreadcrumbList\",\"@id\":\"https:\\\/\\\/www.tibast.fi\\\/fi\\\/ota-yhteytta\\\/#breadcrumb\",\"itemListElement\":[{\"@type\":\"ListItem\",\"position\":1,\"name\":\"Hem\",\"item\":\"https:\\\/\\\/www.tibast.fi\\\/fi\\\/\"},{\"@type\":\"ListItem\",\"position\":2,\"name\":\"Ota yhteytt\u00e4\"}]},{\"@type\":\"WebSite\",\"@id\":\"https:\\\/\\\/www.tibast.fi\\\/fi\\\/#website\",\"url\":\"https:\\\/\\\/www.tibast.fi\\\/fi\\\/\",\"name\":\"Tibast\",\"description\":\"\",\"publisher\":{\"@id\":\"https:\\\/\\\/www.tibast.fi\\\/fi\\\/#organization\"},\"potentialAction\":[{\"@type\":\"SearchAction\",\"target\":{\"@type\":\"EntryPoint\",\"urlTemplate\":\"https:\\\/\\\/www.tibast.fi\\\/fi\\\/?s={search_term_string}\"},\"query-input\":{\"@type\":\"PropertyValueSpecification\",\"valueRequired\":true,\"valueName\":\"search_term_string\"}}],\"inLanguage\":\"fi\"},{\"@type\":\"Organization\",\"@id\":\"https:\\\/\\\/www.tibast.fi\\\/fi\\\/#organization\",\"name\":\"Tibast\",\"url\":\"https:\\\/\\\/www.tibast.fi\\\/fi\\\/\",\"logo\":{\"@type\":\"ImageObject\",\"inLanguage\":\"fi\",\"@id\":\"https:\\\/\\\/www.tibast.fi\\\/fi\\\/#\\\/schema\\\/logo\\\/image\\\/\",\"url\":\"https:\\\/\\\/www.tibast.fi\\\/wp-content\\\/uploads\\\/2022\\\/12\\\/cropped-logo.png\",\"contentUrl\":\"https:\\\/\\\/www.tibast.fi\\\/wp-content\\\/uploads\\\/2022\\\/12\\\/cropped-logo.png\",\"width\":760,\"height\":342,\"caption\":\"Tibast\"},\"image\":{\"@id\":\"https:\\\/\\\/www.tibast.fi\\\/fi\\\/#\\\/schema\\\/logo\\\/image\\\/\"},\"sameAs\":[\"https:\\\/\\\/www.linkedin.com\\\/company\\\/tibast\\\/\"]}]}<\/script>\n<!-- \/ Yoast SEO plugin. -->","yoast_head_json":{"title":"Ota yhteytt\u00e4 - Tibast terapia- ja konsultointipalvelut","description":"Pariterapia, perheterapia-, ty\u00f6nohjaus- ja konsultointipalveluja Espoon Olarissa ja tarvittaessa Helsingin keskustassa. Ota yhteytt\u00e4!","robots":{"index":"index","follow":"follow","max-snippet":"max-snippet:-1","max-image-preview":"max-image-preview:large","max-video-preview":"max-video-preview:-1"},"canonical":"https:\/\/www.tibast.fi\/fi\/ota-yhteytta\/","og_locale":"fi_FI","og_type":"article","og_title":"Ota yhteytt\u00e4 - Tibast terapia- ja konsultointipalvelut","og_description":"Pariterapia, perheterapia-, ty\u00f6nohjaus- ja konsultointipalveluja Espoon Olarissa ja tarvittaessa Helsingin keskustassa. Ota yhteytt\u00e4!","og_url":"https:\/\/www.tibast.fi\/fi\/ota-yhteytta\/","og_site_name":"Tibast","article_modified_time":"2025-01-29T19:13:13+00:00","og_image":[{"url":"https:\/\/www.tibast.fi\/wp-content\/uploads\/2022\/07\/Potilasasiamies_banneri_kokoM-300x88.png","type":"","width":"","height":""}],"twitter_card":"summary_large_image","twitter_misc":{"Arvioitu lukuaika":"1 minuutti"},"schema":{"@context":"https:\/\/schema.org","@graph":[{"@type":"WebPage","@id":"https:\/\/www.tibast.fi\/fi\/ota-yhteytta\/","url":"https:\/\/www.tibast.fi\/fi\/ota-yhteytta\/","name":"Ota yhteytt\u00e4 - Tibast terapia- ja konsultointipalvelut","isPartOf":{"@id":"https:\/\/www.tibast.fi\/fi\/#website"},"primaryImageOfPage":{"@id":"https:\/\/www.tibast.fi\/fi\/ota-yhteytta\/#primaryimage"},"image":{"@id":"https:\/\/www.tibast.fi\/fi\/ota-yhteytta\/#primaryimage"},"thumbnailUrl":"https:\/\/www.tibast.fi\/wp-content\/uploads\/2022\/07\/Potilasasiamies_banneri_kokoM-300x88.png","datePublished":"2022-12-07T18:23:02+00:00","dateModified":"2025-01-29T19:13:13+00:00","description":"Pariterapia, perheterapia-, ty\u00f6nohjaus- ja konsultointipalveluja Espoon Olarissa ja tarvittaessa Helsingin keskustassa. Ota yhteytt\u00e4!","breadcrumb":{"@id":"https:\/\/www.tibast.fi\/fi\/ota-yhteytta\/#breadcrumb"},"inLanguage":"fi","potentialAction":[{"@type":"ReadAction","target":["https:\/\/www.tibast.fi\/fi\/ota-yhteytta\/"]}]},{"@type":"ImageObject","inLanguage":"fi","@id":"https:\/\/www.tibast.fi\/fi\/ota-yhteytta\/#primaryimage","url":"https:\/\/www.tibast.fi\/wp-content\/uploads\/2022\/07\/Potilasasiamies_banneri_kokoM-300x88.png","contentUrl":"https:\/\/www.tibast.fi\/wp-content\/uploads\/2022\/07\/Potilasasiamies_banneri_kokoM-300x88.png"},{"@type":"BreadcrumbList","@id":"https:\/\/www.tibast.fi\/fi\/ota-yhteytta\/#breadcrumb","itemListElement":[{"@type":"ListItem","position":1,"name":"Hem","item":"https:\/\/www.tibast.fi\/fi\/"},{"@type":"ListItem","position":2,"name":"Ota yhteytt\u00e4"}]},{"@type":"WebSite","@id":"https:\/\/www.tibast.fi\/fi\/#website","url":"https:\/\/www.tibast.fi\/fi\/","name":"Tibast","description":"","publisher":{"@id":"https:\/\/www.tibast.fi\/fi\/#organization"},"potentialAction":[{"@type":"SearchAction","target":{"@type":"EntryPoint","urlTemplate":"https:\/\/www.tibast.fi\/fi\/?s={search_term_string}"},"query-input":{"@type":"PropertyValueSpecification","valueRequired":true,"valueName":"search_term_string"}}],"inLanguage":"fi"},{"@type":"Organization","@id":"https:\/\/www.tibast.fi\/fi\/#organization","name":"Tibast","url":"https:\/\/www.tibast.fi\/fi\/","logo":{"@type":"ImageObject","inLanguage":"fi","@id":"https:\/\/www.tibast.fi\/fi\/#\/schema\/logo\/image\/","url":"https:\/\/www.tibast.fi\/wp-content\/uploads\/2022\/12\/cropped-logo.png","contentUrl":"https:\/\/www.tibast.fi\/wp-content\/uploads\/2022\/12\/cropped-logo.png","width":760,"height":342,"caption":"Tibast"},"image":{"@id":"https:\/\/www.tibast.fi\/fi\/#\/schema\/logo\/image\/"},"sameAs":["https:\/\/www.linkedin.com\/company\/tibast\/"]}]}},"_links":{"self":[{"href":"https:\/\/www.tibast.fi\/fi\/wp-json\/wp\/v2\/pages\/884","targetHints":{"allow":["GET"]}}],"collection":[{"href":"https:\/\/www.tibast.fi\/fi\/wp-json\/wp\/v2\/pages"}],"about":[{"href":"https:\/\/www.tibast.fi\/fi\/wp-json\/wp\/v2\/types\/page"}],"author":[{"embeddable":true,"href":"https:\/\/www.tibast.fi\/fi\/wp-json\/wp\/v2\/users\/3"}],"replies":[{"embeddable":true,"href":"https:\/\/www.tibast.fi\/fi\/wp-json\/wp\/v2\/comments?post=884"}],"version-history":[{"count":24,"href":"https:\/\/www.tibast.fi\/fi\/wp-json\/wp\/v2\/pages\/884\/revisions"}],"predecessor-version":[{"id":1283,"href":"https:\/\/www.tibast.fi\/fi\/wp-json\/wp\/v2\/pages\/884\/revisions\/1283"}],"wp:attachment":[{"href":"https:\/\/www.tibast.fi\/fi\/wp-json\/wp\/v2\/media?parent=884"}],"curies":[{"name":"wp","href":"https:\/\/api.w.org\/{rel}","templated":true}]}}